{"id":47,"date":"2025-11-24T16:12:45","date_gmt":"2025-11-24T16:12:45","guid":{"rendered":"https:\/\/myjemygrob.pl\/index.php\/znicze-i-wiazanki\/"},"modified":"2025-11-24T16:13:07","modified_gmt":"2025-11-24T16:13:07","slug":"znicze-i-wiazanki","status":"publish","type":"page","link":"https:\/\/myjemygrob.pl\/index.php\/znicze-i-wiazanki\/","title":{"rendered":"Znicze i wi\u0105zanki"},"content":{"rendered":"\t\t<div data-elementor-type=\"wp-page\" data-elementor-id=\"47\" class=\"elementor elementor-47\" data-elementor-post-type=\"page\">\n\t\t\t\t\t\t<section class=\"elementor-section elementor-top-section elementor-element elementor-element-149db9c4 elementor-section-boxed elementor-section-height-default elementor-section-height-default\" data-id=\"149db9c4\" data-element_type=\"section\" data-settings=\"{&quot;background_background&quot;:&quot;classic&quot;,&quot;shape_divider_bottom_negative&quot;:&quot;yes&quot;,&quot;shape_divider_bottom&quot;:&quot;waves&quot;}\">\n\t\t\t\t\t\t\t<div class=\"elementor-background-overlay\"><\/div>\n\t\t\t\t\t\t<div class=\"elementor-shape elementor-shape-bottom\" aria-hidden=\"true\" data-negative=\"true\">\n\t\t\t<svg xmlns=\"http:\/\/www.w3.org\/2000\/svg\" viewBox=\"0 0 1000 100\" preserveAspectRatio=\"none\">\n\t<path class=\"elementor-shape-fill\" d=\"M790.5,93.1c-59.3-5.3-116.8-18-192.6-50c-29.6-12.7-76.9-31-100.5-35.9c-23.6-4.9-52.6-7.8-75.5-5.3\n\tc-10.2,1.1-22.6,1.4-50.1,7.4c-27.2,6.3-58.2,16.6-79.4,24.7c-41.3,15.9-94.9,21.9-134,22.6C72,58.2,0,25.8,0,25.8V100h1000V65.3\n\tc0,0-51.5,19.4-106.2,25.7C839.5,97,814.1,95.2,790.5,93.1z\"\/>\n<\/svg>\t\t<\/div>\n\t\t\t\t\t<div class=\"elementor-container elementor-column-gap-default\">\n\t\t\t\t\t<div class=\"elementor-column elementor-col-100 elementor-top-column elementor-element elementor-element-62a4aad9\" data-id=\"62a4aad9\" data-element_type=\"column\">\n\t\t\t<div class=\"elementor-widget-wrap elementor-element-populated\">\n\t\t\t\t\t\t<section class=\"elementor-section elementor-inner-section elementor-element elementor-element-3b8116a0 elementor-section-full_width elementor-section-height-default elementor-section-height-default\" data-id=\"3b8116a0\" data-element_type=\"section\">\n\t\t\t\t\t\t<div class=\"elementor-container elementor-column-gap-default\">\n\t\t\t\t\t<div class=\"elementor-column elementor-col-33 elementor-inner-column elementor-element elementor-element-1207a93f\" data-id=\"1207a93f\" data-element_type=\"column\">\n\t\t\t<div class=\"elementor-widget-wrap\">\n\t\t\t\t\t\t\t<\/div>\n\t\t<\/div>\n\t\t\t\t<div class=\"elementor-column elementor-col-33 elementor-inner-column elementor-element elementor-element-5cd7f35f\" data-id=\"5cd7f35f\" data-element_type=\"column\">\n\t\t\t<div class=\"elementor-widget-wrap elementor-element-populated\">\n\t\t\t\t\t\t<div class=\"elementor-element elementor-element-5d8dcfae elementor-widget elementor-widget-heading\" data-id=\"5d8dcfae\" data-element_type=\"widget\" data-widget_type=\"heading.default\">\n\t\t\t\t\t<h2 class=\"elementor-heading-title elementor-size-default\">ZNICZE I WI\u0104ZANKI<\/h2>\t\t\t\t<\/div>\n\t\t\t\t\t<\/div>\n\t\t<\/div>\n\t\t\t\t<div class=\"elementor-column elementor-col-33 elementor-inner-column elementor-element elementor-element-9eab5b9\" data-id=\"9eab5b9\" data-element_type=\"column\">\n\t\t\t<div class=\"elementor-widget-wrap\">\n\t\t\t\t\t\t\t<\/div>\n\t\t<\/div>\n\t\t\t\t\t<\/div>\n\t\t<\/section>\n\t\t\t\t\t<\/div>\n\t\t<\/div>\n\t\t\t\t\t<\/div>\n\t\t<\/section>\n\t\t\t\t<section class=\"elementor-section elementor-top-section elementor-element elementor-element-3dbcabfa elementor-section-height-min-height elementor-section-items-stretch elementor-reverse-mobile elementor-section-boxed elementor-section-height-default\" data-id=\"3dbcabfa\" data-element_type=\"section\">\n\t\t\t\t\t\t<div class=\"elementor-container elementor-column-gap-default\">\n\t\t\t\t\t<div class=\"elementor-column elementor-col-50 elementor-top-column elementor-element elementor-element-5e7cd88e\" data-id=\"5e7cd88e\" data-element_type=\"column\">\n\t\t\t<div class=\"elementor-widget-wrap elementor-element-populated\">\n\t\t\t\t\t\t<div class=\"elementor-element elementor-element-6153fad7 elementor-widget elementor-widget-gallery\" data-id=\"6153fad7\" data-element_type=\"widget\" data-settings=\"{&quot;gallery_layout&quot;:&quot;justified&quot;,&quot;ideal_row_height&quot;:{&quot;unit&quot;:&quot;px&quot;,&quot;size&quot;:206,&quot;sizes&quot;:[]},&quot;ideal_row_height_mobile&quot;:{&quot;unit&quot;:&quot;px&quot;,&quot;size&quot;:178,&quot;sizes&quot;:[]},&quot;lazyload&quot;:&quot;yes&quot;,&quot;ideal_row_height_tablet&quot;:{&quot;unit&quot;:&quot;px&quot;,&quot;size&quot;:150,&quot;sizes&quot;:[]},&quot;gap&quot;:{&quot;unit&quot;:&quot;px&quot;,&quot;size&quot;:10,&quot;sizes&quot;:[]},&quot;gap_tablet&quot;:{&quot;unit&quot;:&quot;px&quot;,&quot;size&quot;:10,&quot;sizes&quot;:[]},&quot;gap_mobile&quot;:{&quot;unit&quot;:&quot;px&quot;,&quot;size&quot;:10,&quot;sizes&quot;:[]},&quot;link_to&quot;:&quot;file&quot;,&quot;overlay_background&quot;:&quot;yes&quot;,&quot;content_hover_animation&quot;:&quot;fade-in&quot;}\" data-widget_type=\"gallery.default\">\n\t\t\t\t\t\t\t<div class=\"elementor-gallery__container\">\n\t\t\t\t\t\t\t<a class=\"e-gallery-item elementor-gallery-item elementor-animated-content\" href=\"https:\/\/myjemygrob.pl\/wp-content\/uploads\/2025\/11\/a7.jpg\" data-elementor-open-lightbox=\"yes\" data-elementor-lightbox-slideshow=\"6153fad7\" data-elementor-lightbox-title=\"a7.jpg\" data-e-action-hash=\"#elementor-action%3Aaction%3Dlightbox%26settings%3DeyJpZCI6NDgsInVybCI6Imh0dHBzOlwvXC9teWplbXlncm9iLnBsXC93cC1jb250ZW50XC91cGxvYWRzXC8yMDI1XC8xMVwvYTcuanBnIiwic2xpZGVzaG93IjoiNjE1M2ZhZDcifQ%3D%3D\">\n\t\t\t\t\t<div class=\"e-gallery-image elementor-gallery-item__image\" data-thumbnail=\"https:\/\/myjemygrob.pl\/wp-content\/uploads\/2025\/11\/a7-768x512.jpg\" data-width=\"768\" data-height=\"512\" aria-label=\"\" role=\"img\" ><\/div>\n\t\t\t\t\t\t\t\t\t\t\t<div class=\"elementor-gallery-item__overlay\"><\/div>\n\t\t\t\t\t\t\t\t\t\t\t\t\t\t<\/a>\n\t\t\t\t\t\t\t<a class=\"e-gallery-item elementor-gallery-item elementor-animated-content\" href=\"https:\/\/myjemygrob.pl\/wp-content\/uploads\/2025\/11\/a5-scaled-1.jpeg\" data-elementor-open-lightbox=\"yes\" data-elementor-lightbox-slideshow=\"6153fad7\" data-elementor-lightbox-title=\"a5-scaled.jpeg\" data-e-action-hash=\"#elementor-action%3Aaction%3Dlightbox%26settings%3DeyJpZCI6NDksInVybCI6Imh0dHBzOlwvXC9teWplbXlncm9iLnBsXC93cC1jb250ZW50XC91cGxvYWRzXC8yMDI1XC8xMVwvYTUtc2NhbGVkLTEuanBlZyIsInNsaWRlc2hvdyI6IjYxNTNmYWQ3In0%3D\">\n\t\t\t\t\t<div class=\"e-gallery-image elementor-gallery-item__image\" data-thumbnail=\"https:\/\/myjemygrob.pl\/wp-content\/uploads\/2025\/11\/a5-scaled-1-768x512.jpeg\" data-width=\"768\" data-height=\"512\" aria-label=\"\" role=\"img\" ><\/div>\n\t\t\t\t\t\t\t\t\t\t\t<div class=\"elementor-gallery-item__overlay\"><\/div>\n\t\t\t\t\t\t\t\t\t\t\t\t\t\t<\/a>\n\t\t\t\t\t\t\t<a class=\"e-gallery-item elementor-gallery-item elementor-animated-content\" href=\"https:\/\/myjemygrob.pl\/wp-content\/uploads\/2025\/11\/a6.jpg\" data-elementor-open-lightbox=\"yes\" data-elementor-lightbox-slideshow=\"6153fad7\" data-elementor-lightbox-title=\"a6.jpg\" data-e-action-hash=\"#elementor-action%3Aaction%3Dlightbox%26settings%3DeyJpZCI6NTAsInVybCI6Imh0dHBzOlwvXC9teWplbXlncm9iLnBsXC93cC1jb250ZW50XC91cGxvYWRzXC8yMDI1XC8xMVwvYTYuanBnIiwic2xpZGVzaG93IjoiNjE1M2ZhZDcifQ%3D%3D\">\n\t\t\t\t\t<div class=\"e-gallery-image elementor-gallery-item__image\" data-thumbnail=\"https:\/\/myjemygrob.pl\/wp-content\/uploads\/2025\/11\/a6-768x512.jpg\" data-width=\"768\" data-height=\"512\" aria-label=\"\" role=\"img\" ><\/div>\n\t\t\t\t\t\t\t\t\t\t\t<div class=\"elementor-gallery-item__overlay\"><\/div>\n\t\t\t\t\t\t\t\t\t\t\t\t\t\t<\/a>\n\t\t\t\t\t\t\t<a class=\"e-gallery-item elementor-gallery-item elementor-animated-content\" href=\"https:\/\/myjemygrob.pl\/wp-content\/uploads\/2025\/11\/a2-scaled-1.jpeg\" data-elementor-open-lightbox=\"yes\" data-elementor-lightbox-slideshow=\"6153fad7\" data-elementor-lightbox-title=\"a2-scaled.jpeg\" data-e-action-hash=\"#elementor-action%3Aaction%3Dlightbox%26settings%3DeyJpZCI6NTEsInVybCI6Imh0dHBzOlwvXC9teWplbXlncm9iLnBsXC93cC1jb250ZW50XC91cGxvYWRzXC8yMDI1XC8xMVwvYTItc2NhbGVkLTEuanBlZyIsInNsaWRlc2hvdyI6IjYxNTNmYWQ3In0%3D\">\n\t\t\t\t\t<div class=\"e-gallery-image elementor-gallery-item__image\" data-thumbnail=\"https:\/\/myjemygrob.pl\/wp-content\/uploads\/2025\/11\/a2-scaled-1-768x1152.jpeg\" data-width=\"768\" data-height=\"1152\" aria-label=\"\" role=\"img\" ><\/div>\n\t\t\t\t\t\t\t\t\t\t\t<div class=\"elementor-gallery-item__overlay\"><\/div>\n\t\t\t\t\t\t\t\t\t\t\t\t\t\t<\/a>\n\t\t\t\t\t\t\t<a class=\"e-gallery-item elementor-gallery-item elementor-animated-content\" href=\"https:\/\/myjemygrob.pl\/wp-content\/uploads\/2025\/11\/a3-scaled-1.jpeg\" data-elementor-open-lightbox=\"yes\" data-elementor-lightbox-slideshow=\"6153fad7\" data-elementor-lightbox-title=\"a3-scaled.jpeg\" data-e-action-hash=\"#elementor-action%3Aaction%3Dlightbox%26settings%3DeyJpZCI6NTIsInVybCI6Imh0dHBzOlwvXC9teWplbXlncm9iLnBsXC93cC1jb250ZW50XC91cGxvYWRzXC8yMDI1XC8xMVwvYTMtc2NhbGVkLTEuanBlZyIsInNsaWRlc2hvdyI6IjYxNTNmYWQ3In0%3D\">\n\t\t\t\t\t<div class=\"e-gallery-image elementor-gallery-item__image\" data-thumbnail=\"https:\/\/myjemygrob.pl\/wp-content\/uploads\/2025\/11\/a3-scaled-1-768x512.jpeg\" data-width=\"768\" data-height=\"512\" aria-label=\"\" role=\"img\" ><\/div>\n\t\t\t\t\t\t\t\t\t\t\t<div class=\"elementor-gallery-item__overlay\"><\/div>\n\t\t\t\t\t\t\t\t\t\t\t\t\t\t<\/a>\n\t\t\t\t\t\t\t<a class=\"e-gallery-item elementor-gallery-item elementor-animated-content\" href=\"https:\/\/myjemygrob.pl\/wp-content\/uploads\/2025\/11\/a1-scaled-1.jpeg\" data-elementor-open-lightbox=\"yes\" data-elementor-lightbox-slideshow=\"6153fad7\" data-elementor-lightbox-title=\"a1-scaled.jpeg\" data-e-action-hash=\"#elementor-action%3Aaction%3Dlightbox%26settings%3DeyJpZCI6NTMsInVybCI6Imh0dHBzOlwvXC9teWplbXlncm9iLnBsXC93cC1jb250ZW50XC91cGxvYWRzXC8yMDI1XC8xMVwvYTEtc2NhbGVkLTEuanBlZyIsInNsaWRlc2hvdyI6IjYxNTNmYWQ3In0%3D\">\n\t\t\t\t\t<div class=\"e-gallery-image elementor-gallery-item__image\" data-thumbnail=\"https:\/\/myjemygrob.pl\/wp-content\/uploads\/2025\/11\/a1-scaled-1-768x512.jpeg\" data-width=\"768\" data-height=\"512\" aria-label=\"\" role=\"img\" ><\/div>\n\t\t\t\t\t\t\t\t\t\t\t<div class=\"elementor-gallery-item__overlay\"><\/div>\n\t\t\t\t\t\t\t\t\t\t\t\t\t\t<\/a>\n\t\t\t\t\t\t\t<a class=\"e-gallery-item elementor-gallery-item elementor-animated-content\" href=\"https:\/\/myjemygrob.pl\/wp-content\/uploads\/2025\/11\/a4-scaled-1.jpeg\" data-elementor-open-lightbox=\"yes\" data-elementor-lightbox-slideshow=\"6153fad7\" data-elementor-lightbox-title=\"a4-scaled.jpeg\" data-e-action-hash=\"#elementor-action%3Aaction%3Dlightbox%26settings%3DeyJpZCI6NTQsInVybCI6Imh0dHBzOlwvXC9teWplbXlncm9iLnBsXC93cC1jb250ZW50XC91cGxvYWRzXC8yMDI1XC8xMVwvYTQtc2NhbGVkLTEuanBlZyIsInNsaWRlc2hvdyI6IjYxNTNmYWQ3In0%3D\">\n\t\t\t\t\t<div class=\"e-gallery-image elementor-gallery-item__image\" data-thumbnail=\"https:\/\/myjemygrob.pl\/wp-content\/uploads\/2025\/11\/a4-scaled-1-768x512.jpeg\" data-width=\"768\" data-height=\"512\" aria-label=\"\" role=\"img\" ><\/div>\n\t\t\t\t\t\t\t\t\t\t\t<div class=\"elementor-gallery-item__overlay\"><\/div>\n\t\t\t\t\t\t\t\t\t\t\t\t\t\t<\/a>\n\t\t\t\t\t<\/div>\n\t\t\t\t\t<\/div>\n\t\t\t\t\t<\/div>\n\t\t<\/div>\n\t\t\t\t<div class=\"elementor-column elementor-col-50 elementor-top-column elementor-element elementor-element-2dded93d\" data-id=\"2dded93d\" data-element_type=\"column\">\n\t\t\t<div class=\"elementor-widget-wrap elementor-element-populated\">\n\t\t\t\t\t\t<div class=\"elementor-element elementor-element-7766d549 elementor-widget elementor-widget-heading\" data-id=\"7766d549\" data-element_type=\"widget\" data-widget_type=\"heading.default\">\n\t\t\t\t\t<h3 class=\"elementor-heading-title elementor-size-default\">MYJEMY GR\u00d3B<\/h3>\t\t\t\t<\/div>\n\t\t\t\t<div class=\"elementor-element elementor-element-4af053b3 elementor-widget elementor-widget-heading\" data-id=\"4af053b3\" data-element_type=\"widget\" data-widget_type=\"heading.default\">\n\t\t\t\t\t<h2 class=\"elementor-heading-title elementor-size-default\">ZAKUPY<\/h2>\t\t\t\t<\/div>\n\t\t\t\t<div class=\"elementor-element elementor-element-171659d9 elementor-widget elementor-widget-text-editor\" data-id=\"171659d9\" data-element_type=\"widget\" data-widget_type=\"text-editor.default\">\n\t\t\t\t\t\t\t\t\t<p class=\"p1\">Na \u017cyczenie klienta uzupe\u0142niamy us\u0142ug\u0119 sprz\u0105tania grobu o zakup i ustawienie zniczy oraz wi\u0105zanek. Mo\u017ce to by\u0107 pojedynczy, elegancki znicz, klasyczna wi\u0105zanka, kompozycja na Wszystkich \u015awi\u0119tych lub skromna dekoracja na rocznic\u0119 \u015bmierci \u2013 zawsze dopasowana do okazji i przekazanych nam wytycznych.<\/p><p class=\"p1\">Znicze i kwiaty kupujemy w lokalnych kwiaciarniach i sklepach w drodze na cmentarz, w uzgodnionej wcze\u015bniej kwocie, wielko\u015bci i kolorystyce kompozycji. Koszty s\u0105 przejrzyste: do zdj\u0119cia grobu po wykonaniu us\u0142ugi do\u0142\u0105czamy paragon za zakupione artyku\u0142y.<\/p><p class=\"p1\">Zdj\u0119cia zniczy i wi\u0105zanek prezentowane obok maj\u0105 charakter przyk\u0142adowy i pokazuj\u0105 jedynie mo\u017cliwy efekt ko\u0144cowy. Nie prowadzimy sprzeda\u017cy tych produkt\u00f3w \u2013 realizujemy us\u0142ug\u0119 zakupu i ustawienia dekoracji bezpo\u015brednio na nagrobku.<\/p>\t\t\t\t\t\t\t\t<\/div>\n\t\t\t\t\t<\/div>\n\t\t<\/div>\n\t\t\t\t\t<\/div>\n\t\t<\/section>\n\t\t\t\t<\/div>\n\t\t","protected":false},"excerpt":{"rendered":"<p>ZNICZE I WI\u0104ZANKI MYJEMY GR\u00d3B ZAKUPY Na \u017cyczenie klienta uzupe\u0142niamy us\u0142ug\u0119 sprz\u0105tania grobu o zakup i ustawienie zniczy oraz wi\u0105zanek. Mo\u017ce to by\u0107 pojedynczy, elegancki znicz, klasyczna wi\u0105zanka, kompozycja na Wszystkich \u015awi\u0119tych lub skromna dekoracja na rocznic\u0119 \u015bmierci \u2013 zawsze dopasowana do okazji i przekazanych nam wytycznych. Znicze i kwiaty kupujemy w lokalnych kwiaciarniach i [&hellip;]<\/p>\n","protected":false},"author":1,"featured_media":0,"parent":0,"menu_order":0,"comment_status":"closed","ping_status":"closed","template":"","meta":{"footnotes":""},"class_list":["post-47","page","type-page","status-publish","hentry"],"_links":{"self":[{"href":"https:\/\/myjemygrob.pl\/index.php\/wp-json\/wp\/v2\/pages\/47","targetHints":{"allow":["GET"]}}],"collection":[{"href":"https:\/\/myjemygrob.pl\/index.php\/wp-json\/wp\/v2\/pages"}],"about":[{"href":"https:\/\/myjemygrob.pl\/index.php\/wp-json\/wp\/v2\/types\/page"}],"author":[{"embeddable":true,"href":"https:\/\/myjemygrob.pl\/index.php\/wp-json\/wp\/v2\/users\/1"}],"replies":[{"embeddable":true,"href":"https:\/\/myjemygrob.pl\/index.php\/wp-json\/wp\/v2\/comments?post=47"}],"version-history":[{"count":4,"href":"https:\/\/myjemygrob.pl\/index.php\/wp-json\/wp\/v2\/pages\/47\/revisions"}],"predecessor-version":[{"id":96,"href":"https:\/\/myjemygrob.pl\/index.php\/wp-json\/wp\/v2\/pages\/47\/revisions\/96"}],"wp:attachment":[{"href":"https:\/\/myjemygrob.pl\/index.php\/wp-json\/wp\/v2\/media?parent=47"}],"curies":[{"name":"wp","href":"https:\/\/api.w.org\/{rel}","templated":true}]}}