{"id":60,"date":"2025-11-24T16:12:54","date_gmt":"2025-11-24T16:12:54","guid":{"rendered":"https:\/\/myjemygrob.pl\/index.php\/kontakt\/"},"modified":"2025-11-24T16:17:16","modified_gmt":"2025-11-24T16:17:16","slug":"kontakt","status":"publish","type":"page","link":"https:\/\/myjemygrob.pl\/index.php\/kontakt\/","title":{"rendered":"Kontakt"},"content":{"rendered":"\t\t<div data-elementor-type=\"wp-page\" data-elementor-id=\"60\" class=\"elementor elementor-60\" data-elementor-post-type=\"page\">\n\t\t\t\t\t\t<section class=\"elementor-section elementor-top-section elementor-element elementor-element-4abdaad7 elementor-section-height-min-height elementor-section-items-stretch elementor-section-boxed elementor-section-height-default\" data-id=\"4abdaad7\" data-element_type=\"section\">\n\t\t\t\t\t\t<div class=\"elementor-container elementor-column-gap-default\">\n\t\t\t\t\t<div class=\"elementor-column elementor-col-50 elementor-top-column elementor-element elementor-element-19d4a766\" data-id=\"19d4a766\" data-element_type=\"column\">\n\t\t\t<div class=\"elementor-widget-wrap elementor-element-populated\">\n\t\t\t\t\t\t<div class=\"elementor-element elementor-element-1749bb0b elementor-widget elementor-widget-heading\" data-id=\"1749bb0b\" data-element_type=\"widget\" data-widget_type=\"heading.default\">\n\t\t\t\t\t<h1 class=\"elementor-heading-title elementor-size-default\">KONTAKT<\/h1>\t\t\t\t<\/div>\n\t\t\t\t<div class=\"elementor-element elementor-element-79f51e88 elementor-widget elementor-widget-text-editor\" data-id=\"79f51e88\" data-element_type=\"widget\" data-widget_type=\"text-editor.default\">\n\t\t\t\t\t\t\t\t\t<p class=\"p1\">Odpowiadamy na ka\u017cde zapytanie z nale\u017cyt\u0105 uwag\u0105 i spokojem.<\/p><p class=\"p1\">Je\u015bli chcesz zleci\u0107 jednorazowe umycie nagrobka, om\u00f3wi\u0107 sta\u0142\u0105 opiek\u0119 w formie abonamentu lub dopyta\u0107 o dodatkowe us\u0142ugi \u2013 skontaktuj si\u0119 z nami telefonicznie, mailowo lub przez formularz na stronie.<\/p><p class=\"p1\">W wiadomo\u015bci prosimy poda\u0107 lokalizacj\u0119 cmentarza, rodzaj nagrobka (pojedynczy, podw\u00f3jny, rodzinny) oraz zakres interesuj\u0105cych Ci\u0119 prac. Na tej podstawie przygotujemy konkretn\u0105 propozycj\u0119 oraz termin realizacji us\u0142ugi.<\/p>\t\t\t\t\t\t\t\t<\/div>\n\t\t\t\t\t<\/div>\n\t\t<\/div>\n\t\t\t\t<div class=\"elementor-column elementor-col-50 elementor-top-column elementor-element elementor-element-385a9a73\" data-id=\"385a9a73\" data-element_type=\"column\">\n\t\t\t<div class=\"elementor-widget-wrap elementor-element-populated\">\n\t\t\t\t\t\t<div class=\"elementor-element elementor-element-20f50d4c elementor-absolute elementor-widget elementor-widget-image\" data-id=\"20f50d4c\" data-element_type=\"widget\" data-settings=\"{&quot;_position&quot;:&quot;absolute&quot;,&quot;_animation_mobile&quot;:&quot;none&quot;}\" data-widget_type=\"image.default\">\n\t\t\t\t\t\t\t\t\t\t\t\t\t\t\t<img fetchpriority=\"high\" decoding=\"async\" width=\"980\" height=\"990\" src=\"https:\/\/myjemygrob.pl\/wp-content\/uploads\/2025\/11\/123123.png\" class=\"attachment-full size-full wp-image-61\" alt=\"\" srcset=\"https:\/\/myjemygrob.pl\/wp-content\/uploads\/2025\/11\/123123.png 980w, https:\/\/myjemygrob.pl\/wp-content\/uploads\/2025\/11\/123123-297x300.png 297w, https:\/\/myjemygrob.pl\/wp-content\/uploads\/2025\/11\/123123-768x776.png 768w\" sizes=\"(max-width: 980px) 100vw, 980px\" \/>\t\t\t\t\t\t\t\t\t\t\t\t\t\t\t<\/div>\n\t\t\t\t\t<\/div>\n\t\t<\/div>\n\t\t\t\t\t<\/div>\n\t\t<\/section>\n\t\t\t\t<section class=\"elementor-section elementor-top-section elementor-element elementor-element-5b6c0323 elementor-reverse-tablet elementor-reverse-mobile elementor-section-boxed elementor-section-height-default elementor-section-height-default\" data-id=\"5b6c0323\" data-element_type=\"section\">\n\t\t\t\t\t\t<div class=\"elementor-container elementor-column-gap-default\">\n\t\t\t\t\t<div class=\"elementor-column elementor-col-50 elementor-top-column elementor-element elementor-element-30362992 elementor-hidden-tablet\" data-id=\"30362992\" data-element_type=\"column\">\n\t\t\t<div class=\"elementor-widget-wrap elementor-element-populated\">\n\t\t\t\t\t\t<div class=\"elementor-element elementor-element-470f4424 elementor-absolute animated-slow elementor-hidden-mobile elementor-view-default elementor-invisible elementor-widget elementor-widget-icon\" data-id=\"470f4424\" data-element_type=\"widget\" data-settings=\"{&quot;_position&quot;:&quot;absolute&quot;,&quot;_animation&quot;:&quot;fadeIn&quot;,&quot;_animation_delay&quot;:3000}\" data-widget_type=\"icon.default\">\n\t\t\t\t\t\t\t<div class=\"elementor-icon-wrapper\">\n\t\t\t<div class=\"elementor-icon\">\n\t\t\t<svg aria-hidden=\"true\" class=\"e-font-icon-svg e-fas-circle\" viewBox=\"0 0 512 512\" xmlns=\"http:\/\/www.w3.org\/2000\/svg\"><path d=\"M256 8C119 8 8 119 8 256s111 248 248 248 248-111 248-248S393 8 256 8z\"><\/path><\/svg>\t\t\t<\/div>\n\t\t<\/div>\n\t\t\t\t\t\t<\/div>\n\t\t\t\t\t<\/div>\n\t\t<\/div>\n\t\t\t\t<div class=\"elementor-column elementor-col-50 elementor-top-column elementor-element elementor-element-3279ecb5\" data-id=\"3279ecb5\" data-element_type=\"column\">\n\t\t\t<div class=\"elementor-widget-wrap\">\n\t\t\t\t\t\t\t<\/div>\n\t\t<\/div>\n\t\t\t\t\t<\/div>\n\t\t<\/section>\n\t\t\t\t<section class=\"elementor-section elementor-top-section elementor-element elementor-element-54ca7a62 elementor-section-boxed elementor-section-height-default elementor-section-height-default\" data-id=\"54ca7a62\" data-element_type=\"section\">\n\t\t\t\t\t\t<div class=\"elementor-container elementor-column-gap-default\">\n\t\t\t\t\t<div class=\"elementor-column elementor-col-50 elementor-top-column elementor-element elementor-element-3662b1cf\" data-id=\"3662b1cf\" data-element_type=\"column\">\n\t\t\t<div class=\"elementor-widget-wrap elementor-element-populated\">\n\t\t\t\t\t\t<div class=\"elementor-element elementor-element-b20fbd8 elementor-view-default elementor-position-top elementor-mobile-position-top elementor-widget elementor-widget-icon-box\" data-id=\"b20fbd8\" data-element_type=\"widget\" data-widget_type=\"icon-box.default\">\n\t\t\t\t\t\t\t<div class=\"elementor-icon-box-wrapper\">\n\n\t\t\t\t\t\t<div class=\"elementor-icon-box-icon\">\n\t\t\t\t<span  class=\"elementor-icon\">\n\t\t\t\t<svg xmlns=\"http:\/\/www.w3.org\/2000\/svg\" id=\"ef8a1c0c-cb4e-46c1-88d2-c6d1179243ee\" data-name=\"Layer 1\" width=\"55\" height=\"55\" viewBox=\"0 0 55 55\"><circle id=\"a0c46d0a-b5bf-4721-b037-6b4bc42930a4\" data-name=\"Oval\" cx=\"27.5\" cy=\"27.5\" r=\"27.5\" style=\"opacity:0.14662852883338928;isolation:isolate\"><\/circle><g id=\"aefbb942-1c1d-468a-b004-9ee4ee8b3a59\" data-name=\"gps\"><path id=\"e2f59918-3742-420d-891f-84f8fbfef7b7\" data-name=\"Shape\" d=\"M28,15a9.029,9.029,0,0,0-9,9.0375C19,30.3009,28.0089,41,28.0089,41S37,29.9928,37,24.0375A9.029,9.029,0,0,0,28,15Zm2.7155,11.6837a3.8333,3.8333,0,0,1-5.4308,0,3.8718,3.8718,0,0,1,0-5.4535,3.8288,3.8288,0,0,1,5.4308,0A3.8718,3.8718,0,0,1,30.7155,26.6837Z\"><\/path><\/g><\/svg>\t\t\t\t<\/span>\n\t\t\t<\/div>\n\t\t\t\n\t\t\t\t\t\t<div class=\"elementor-icon-box-content\">\n\n\t\t\t\t\t\t\t\t\t<h4 class=\"elementor-icon-box-title\">\n\t\t\t\t\t\t<span  >\n\t\t\t\t\t\t\tAdres firmy:\t\t\t\t\t\t<\/span>\n\t\t\t\t\t<\/h4>\n\t\t\t\t\n\t\t\t\t\t\t\t\t\t<p class=\"elementor-icon-box-description\">\n\t\t\t\t\t\tMyjemy Gr\u00f3b<br>\nul. Turystyczna 45\/6, 44-335 Jastrz\u0119bie Zdr\u00f3j<br><br>NIP: 6472368466\t\t\t\t\t<\/p>\n\t\t\t\t\n\t\t\t<\/div>\n\t\t\t\n\t\t<\/div>\n\t\t\t\t\t\t<\/div>\n\t\t\t\t<div class=\"elementor-element elementor-element-3964a081 elementor-view-default elementor-position-top elementor-mobile-position-top elementor-widget elementor-widget-icon-box\" data-id=\"3964a081\" data-element_type=\"widget\" data-widget_type=\"icon-box.default\">\n\t\t\t\t\t\t\t<div class=\"elementor-icon-box-wrapper\">\n\n\t\t\t\t\t\t<div class=\"elementor-icon-box-icon\">\n\t\t\t\t<span  class=\"elementor-icon\">\n\t\t\t\t<svg xmlns=\"http:\/\/www.w3.org\/2000\/svg\" id=\"e1f12496-6c7d-45ac-87c8-65a0ce9dbfaf\" data-name=\"Layer 1\" width=\"55\" height=\"55\" viewBox=\"0 0 55 55\"><circle id=\"a3f3844e-23a0-483b-adaa-303f54dc92ff\" data-name=\"Oval\" cx=\"27.5\" cy=\"27.5\" r=\"27.5\" style=\"opacity:0.14662852883338928;isolation:isolate\"><\/circle><g id=\"b2c20179-3a0d-41e7-af6b-39c1cc079c40\" data-name=\"&#xF095;\" style=\"isolation:isolate\"><g style=\"isolation:isolate\"><path d=\"M35.7236,32.2654a3.8955,3.8955,0,0,1-.1159.8245,4.7067,4.7067,0,0,1-.2453.8,3.1325,3.1325,0,0,1-1.4264,1.2379,4.5229,4.5229,0,0,1-2.1715.5963,4.6466,4.6466,0,0,1-.62-.0409,4.7766,4.7766,0,0,1-.6712-.1465c-.2453-.0693-.4281-.1261-.5485-.1692s-.3373-.1227-.65-.24-.502-.1862-.5724-.21a10.6,10.6,0,0,1-2.0437-.9687,17.6478,17.6478,0,0,1-3.084-2.5235A17.6162,17.6162,0,0,1,21.0521,28.34a10.5611,10.5611,0,0,1-.97-2.0442q-.0349-.1039-.21-.5724-.1755-.4668-.24-.6474c-.0426-.1215-.0988-.3043-.1692-.55a4.8416,4.8416,0,0,1-.146-.6712,4.6546,4.6546,0,0,1-.0409-.619,4.5367,4.5367,0,0,1,.5957-2.1737,3.1311,3.1311,0,0,1,1.2385-1.4242,4.5067,4.5067,0,0,1,.8-.2453,3.8282,3.8282,0,0,1,.8234-.117.6448.6448,0,0,1,.2453.0352q.21.07.6189.887.1287.2232.351.6315c.1476.2725.2839.519.4088.7416s.2453.43.3617.6246c.0233.0318.0914.1283.2044.2919a3.37,3.37,0,0,1,.2516.4145.7771.7771,0,0,1,.0818.3339.9709.9709,0,0,1-.3334.5838,5.745,5.745,0,0,1-.724.6428,6.9555,6.9555,0,0,0-.7245.6189.89.89,0,0,0-.3328.5372.7755.7755,0,0,0,.0585.2623,2.3939,2.3939,0,0,0,.0994.24c.0272.0545.0817.1476.1635.2805s.1266.2067.134.2214a11.5672,11.5672,0,0,0,4.7779,4.7779c.0153.008.09.0534.222.1352s.226.1362.2805.1635a2.4186,2.4186,0,0,0,.24.0988.7929.7929,0,0,0,.2623.0579.8871.8871,0,0,0,.5372-.3327,7.1655,7.1655,0,0,0,.62-.7235,5.6572,5.6572,0,0,1,.6416-.7245.9658.9658,0,0,1,.5849-.3328.7556.7556,0,0,1,.3317.0818,3.2644,3.2644,0,0,1,.4156.251c.1636.1124.2612.18.2919.2044.1942.117.4032.2373.6246.3623s.4691.2612.7416.4088.4838.2646.6315.35q.8177.4089.8881.619A.6711.6711,0,0,1,35.7236,32.2654Z\"><\/path><\/g><\/g><\/svg>\t\t\t\t<\/span>\n\t\t\t<\/div>\n\t\t\t\n\t\t\t\t\t\t<div class=\"elementor-icon-box-content\">\n\n\t\t\t\t\t\t\t\t\t<h4 class=\"elementor-icon-box-title\">\n\t\t\t\t\t\t<span  >\n\t\t\t\t\t\t\tDane kontaktowe:\t\t\t\t\t\t<\/span>\n\t\t\t\t\t<\/h4>\n\t\t\t\t\n\t\t\t\t\t\t\t\t\t<p class=\"elementor-icon-box-description\">\n\t\t\t\t\t\t+48 668 798 909<br>myjemygrob@onet.pl\t\t\t\t\t<\/p>\n\t\t\t\t\n\t\t\t<\/div>\n\t\t\t\n\t\t<\/div>\n\t\t\t\t\t\t<\/div>\n\t\t\t\t\t<\/div>\n\t\t<\/div>\n\t\t\t\t<div class=\"elementor-column elementor-col-50 elementor-top-column elementor-element elementor-element-2fad49ab\" data-id=\"2fad49ab\" data-element_type=\"column\" data-settings=\"{&quot;background_background&quot;:&quot;classic&quot;}\">\n\t\t\t<div class=\"elementor-widget-wrap elementor-element-populated\">\n\t\t\t\t\t\t<div class=\"elementor-element elementor-element-52553887 elementor-button-align-stretch elementor-widget elementor-widget-form\" data-id=\"52553887\" data-element_type=\"widget\" data-settings=\"{&quot;step_next_label&quot;:&quot;Nast\\u0119pny&quot;,&quot;step_previous_label&quot;:&quot;Poprzedni&quot;,&quot;button_width&quot;:&quot;100&quot;,&quot;step_type&quot;:&quot;number_text&quot;,&quot;step_icon_shape&quot;:&quot;circle&quot;}\" data-widget_type=\"form.default\">\n\t\t\t\t\t\t\t<form class=\"elementor-form\" method=\"post\" name=\"Nowy formularz\" aria-label=\"Nowy formularz\">\n\t\t\t<input type=\"hidden\" name=\"post_id\" value=\"60\"\/>\n\t\t\t<input type=\"hidden\" name=\"form_id\" value=\"52553887\"\/>\n\t\t\t<input type=\"hidden\" name=\"referer_title\" value=\"Kontakt\" \/>\n\n\t\t\t\t\t\t\t<input type=\"hidden\" name=\"queried_id\" value=\"60\"\/>\n\t\t\t\n\t\t\t<div class=\"elementor-form-fields-wrapper elementor-labels-above\">\n\t\t\t\t\t\t\t\t<div class=\"elementor-field-type-text elementor-field-group elementor-column elementor-field-group-name elementor-col-100\">\n\t\t\t\t\t\t\t\t\t\t\t\t<label for=\"form-field-name\" class=\"elementor-field-label\">\n\t\t\t\t\t\t\t\tImi\u0119:\t\t\t\t\t\t\t<\/label>\n\t\t\t\t\t\t\t\t\t\t\t\t\t\t<input size=\"1\" type=\"text\" name=\"form_fields[name]\" id=\"form-field-name\" class=\"elementor-field elementor-size-sm  elementor-field-textual\" placeholder=\"Twoje imi\u0119\">\n\t\t\t\t\t\t\t\t\t\t\t<\/div>\n\t\t\t\t\t\t\t\t<div class=\"elementor-field-type-email elementor-field-group elementor-column elementor-field-group-email elementor-col-100 elementor-field-required\">\n\t\t\t\t\t\t\t\t\t\t\t\t<label for=\"form-field-email\" class=\"elementor-field-label\">\n\t\t\t\t\t\t\t\tE-mail:\t\t\t\t\t\t\t<\/label>\n\t\t\t\t\t\t\t\t\t\t\t\t\t\t<input size=\"1\" type=\"email\" name=\"form_fields[email]\" id=\"form-field-email\" class=\"elementor-field elementor-size-sm  elementor-field-textual\" placeholder=\"Tw\u00f3j adres e-mail\" required=\"required\">\n\t\t\t\t\t\t\t\t\t\t\t<\/div>\n\t\t\t\t\t\t\t\t<div class=\"elementor-field-type-textarea elementor-field-group elementor-column elementor-field-group-message elementor-col-100\">\n\t\t\t\t\t\t\t\t\t\t\t\t<label for=\"form-field-message\" class=\"elementor-field-label\">\n\t\t\t\t\t\t\t\tWiadomo\u015b\u0107:\t\t\t\t\t\t\t<\/label>\n\t\t\t\t\t\t<textarea class=\"elementor-field-textual elementor-field  elementor-size-sm\" name=\"form_fields[message]\" id=\"form-field-message\" rows=\"4\" placeholder=\"Twoja wiadomo\u015b\u0107\"><\/textarea>\t\t\t\t<\/div>\n\t\t\t\t\t\t\t\t<div class=\"elementor-field-group elementor-column elementor-field-type-submit elementor-col-100 e-form__buttons\">\n\t\t\t\t\t<button class=\"elementor-button elementor-size-sm elementor-animation-shrink\" type=\"submit\">\n\t\t\t\t\t\t<span class=\"elementor-button-content-wrapper\">\n\t\t\t\t\t\t\t\t\t\t\t\t\t\t\t\t\t\t\t\t\t\t<span class=\"elementor-button-text\">Wy\u015blij<\/span>\n\t\t\t\t\t\t\t\t\t\t\t\t\t<\/span>\n\t\t\t\t\t<\/button>\n\t\t\t\t<\/div>\n\t\t\t<\/div>\n\t\t<\/form>\n\t\t\t\t\t\t<\/div>\n\t\t\t\t<div class=\"elementor-element elementor-element-41b1703e elementor-widget elementor-widget-text-editor\" data-id=\"41b1703e\" data-element_type=\"widget\" data-widget_type=\"text-editor.default\">\n\t\t\t\t\t\t\t\t\t<p>Administratorem Pa\u0144stwa danych osobowych jest: Myjemy Gr\u00f3b, ul. Turystyczna 45\/6, 44-335 Jastrz\u0119bie Zdr\u00f3j, NIP: 6472368466. Pa\u0144stwa dane b\u0119d\u0105 przetwarzane jedynie w celu obs\u0142ugi wys\u0142anego zapytania i tak d\u0142ugo, jak to konieczne do obs\u0142ugi tego zapytania. Maj\u0105 Pa\u0144stwo prawo do dost\u0119pu do swoich danych, ich sprostowania, usuni\u0119cia, ograniczenia przetwarzania, wniesienia sprzeciwu wobec przetwarzania oraz przeniesienia danych. Mog\u0105 Pa\u0144stwo r\u00f3wnie\u017c wnie\u015b\u0107 skarg\u0119 do organu nadzorczego. Podanie danych jest dobrowolne, ale niezb\u0119dne do obs\u0142ugi zapytania. Podstawa prawna: przetwarzanie jest niezb\u0119dne do podj\u0119cia dzia\u0142a\u0144 na \u017c\u0105danie osoby, kt\u00f3rej dane dotycz\u0105, przed zawarciem umowy. W razie pyta\u0144 prosimy o kontakt na: myjemygrob.onet.pl.<\/p>\t\t\t\t\t\t\t\t<\/div>\n\t\t\t\t\t<\/div>\n\t\t<\/div>\n\t\t\t\t\t<\/div>\n\t\t<\/section>\n\t\t\t\t<section class=\"elementor-section elementor-top-section elementor-element elementor-element-3d2955c7 elementor-section-boxed elementor-section-height-default elementor-section-height-default\" data-id=\"3d2955c7\" data-element_type=\"section\">\n\t\t\t\t\t\t<div class=\"elementor-container elementor-column-gap-default\">\n\t\t\t\t\t<div class=\"elementor-column elementor-col-100 elementor-top-column elementor-element elementor-element-69e5f93f\" data-id=\"69e5f93f\" data-element_type=\"column\">\n\t\t\t<div class=\"elementor-widget-wrap elementor-element-populated\">\n\t\t\t\t\t\t<div class=\"elementor-element elementor-element-65196f0f elementor-widget elementor-widget-google_maps\" data-id=\"65196f0f\" data-element_type=\"widget\" data-widget_type=\"google_maps.default\">\n\t\t\t\t\t\t\t<div class=\"elementor-custom-embed\">\n\t\t\t<iframe loading=\"lazy\"\n\t\t\t\t\tsrc=\"https:\/\/maps.google.com\/maps?q=ul.%20Turystyczna%2045%2F6%2C%2044-335%20Jastrz%C4%99bie%20Zdr%C3%B3j&#038;t=m&#038;z=13&#038;output=embed&#038;iwloc=near\"\n\t\t\t\t\ttitle=\"ul. Turystyczna 45\/6, 44-335 Jastrz\u0119bie Zdr\u00f3j\"\n\t\t\t\t\taria-label=\"ul. Turystyczna 45\/6, 44-335 Jastrz\u0119bie Zdr\u00f3j\"\n\t\t\t><\/iframe>\n\t\t<\/div>\n\t\t\t\t\t\t<\/div>\n\t\t\t\t\t<\/div>\n\t\t<\/div>\n\t\t\t\t\t<\/div>\n\t\t<\/section>\n\t\t\t\t<\/div>\n\t\t","protected":false},"excerpt":{"rendered":"<p>KONTAKT Odpowiadamy na ka\u017cde zapytanie z nale\u017cyt\u0105 uwag\u0105 i spokojem. Je\u015bli chcesz zleci\u0107 jednorazowe umycie nagrobka, om\u00f3wi\u0107 sta\u0142\u0105 opiek\u0119 w formie abonamentu lub dopyta\u0107 o dodatkowe us\u0142ugi \u2013 skontaktuj si\u0119 z nami telefonicznie, mailowo lub przez formularz na stronie. W wiadomo\u015bci prosimy poda\u0107 lokalizacj\u0119 cmentarza, rodzaj nagrobka (pojedynczy, podw\u00f3jny, rodzinny) oraz zakres interesuj\u0105cych Ci\u0119 prac. [&hellip;]<\/p>\n","protected":false},"author":1,"featured_media":0,"parent":0,"menu_order":0,"comment_status":"closed","ping_status":"closed","template":"elementor_header_footer","meta":{"footnotes":""},"class_list":["post-60","page","type-page","status-publish","hentry"],"_links":{"self":[{"href":"https:\/\/myjemygrob.pl\/index.php\/wp-json\/wp\/v2\/pages\/60","targetHints":{"allow":["GET"]}}],"collection":[{"href":"https:\/\/myjemygrob.pl\/index.php\/wp-json\/wp\/v2\/pages"}],"about":[{"href":"https:\/\/myjemygrob.pl\/index.php\/wp-json\/wp\/v2\/types\/page"}],"author":[{"embeddable":true,"href":"https:\/\/myjemygrob.pl\/index.php\/wp-json\/wp\/v2\/users\/1"}],"replies":[{"embeddable":true,"href":"https:\/\/myjemygrob.pl\/index.php\/wp-json\/wp\/v2\/comments?post=60"}],"version-history":[{"count":13,"href":"https:\/\/myjemygrob.pl\/index.php\/wp-json\/wp\/v2\/pages\/60\/revisions"}],"predecessor-version":[{"id":113,"href":"https:\/\/myjemygrob.pl\/index.php\/wp-json\/wp\/v2\/pages\/60\/revisions\/113"}],"wp:attachment":[{"href":"https:\/\/myjemygrob.pl\/index.php\/wp-json\/wp\/v2\/media?parent=60"}],"curies":[{"name":"wp","href":"https:\/\/api.w.org\/{rel}","templated":true}]}}